{"id":6208,"date":"2022-11-04T16:25:18","date_gmt":"2022-11-04T15:25:18","guid":{"rendered":"https:\/\/aga-design.com\/shop\/non%20class\u00e9\/frosty-ghiacciaia-secchiello\/"},"modified":"2022-11-28T17:02:56","modified_gmt":"2022-11-28T16:02:56","slug":"frosty-ghiacciaia-secchiello","status":"publish","type":"product","link":"https:\/\/aga-design.com\/fr\/shop\/ghiacciaie-fr\/frosty-fr\/frosty-ghiacciaia-secchiello\/","title":{"rendered":"Frosty &#8211; Glaci\u00e8re seau"},"content":{"rendered":"","protected":false},"excerpt":{"rendered":"<p>Seau \u00e0 champagne \u00e9l\u00e9gant avec de la place pour une bouteille. Le fond sp\u00e9cialement form\u00e9 assure le support du contenu en mati\u00e8re plastique antichoc. Personnalisable en tampographie avec votre logo jusqu&rsquo;\u00e0 5 couleurs, sur une ou deux faces, jusqu&rsquo;au format 100&#215;100 mm<\/p>\n","protected":false},"featured_media":5382,"comment_status":"open","ping_status":"closed","template":"","meta":{"_acf_changed":false},"product_brand":[],"product_cat":[269,270],"product_tag":[],"class_list":{"0":"post-6208","1":"product","2":"type-product","3":"status-publish","4":"has-post-thumbnail","6":"product_cat-frosty-fr","7":"product_cat-ghiacciaie-fr","8":"pa_materiali-ps","9":"pa_materiali-smma","11":"first","12":"instock","13":"shipping-taxable","14":"purchasable","15":"product-type-variable"},"acf":[],"yoast_head":"<!-- This site is optimized with the Yoast SEO plugin v26.6 - https:\/\/yoast.com\/wordpress\/plugins\/seo\/ -->\n<title>Frosty - Glaci\u00e8re seau - Aga Design<\/title>\n<meta name=\"robots\" content=\"index, follow, max-snippet:-1, max-image-preview:large, max-video-preview:-1\" \/>\n<link rel=\"canonical\" href=\"https:\/\/aga-design.com\/fr\/shop\/ghiacciaie-fr\/frosty-fr\/frosty-ghiacciaia-secchiello\/\" \/>\n<meta property=\"og:locale\" content=\"fr_FR\" \/>\n<meta property=\"og:type\" content=\"article\" \/>\n<meta property=\"og:title\" content=\"Frosty - Glaci\u00e8re seau - Aga Design\" \/>\n<meta property=\"og:description\" content=\"Seau \u00e0 champagne \u00e9l\u00e9gant avec de la place pour une bouteille. Le fond sp\u00e9cialement form\u00e9 assure le support du contenu en mati\u00e8re plastique antichoc. Personnalisable en tampographie avec votre logo jusqu&#039;\u00e0 5 couleurs, sur une ou deux faces, jusqu&#039;au format 100x100 mm\" \/>\n<meta property=\"og:url\" content=\"https:\/\/aga-design.com\/fr\/shop\/ghiacciaie-fr\/frosty-fr\/frosty-ghiacciaia-secchiello\/\" \/>\n<meta property=\"og:site_name\" content=\"Aga Design\" \/>\n<meta property=\"article:modified_time\" content=\"2022-11-28T16:02:56+00:00\" \/>\n<meta property=\"og:image\" content=\"https:\/\/aga-design.com\/wp-content\/uploads\/2022\/11\/frosty_ghiacciaia-bianca_02.jpg\" \/>\n\t<meta property=\"og:image:width\" content=\"900\" \/>\n\t<meta property=\"og:image:height\" content=\"900\" \/>\n\t<meta property=\"og:image:type\" content=\"image\/jpeg\" \/>\n<meta name=\"twitter:card\" content=\"summary_large_image\" \/>\n<script type=\"application\/ld+json\" class=\"yoast-schema-graph\">{\"@context\":\"https:\/\/schema.org\",\"@graph\":[{\"@type\":\"WebPage\",\"@id\":\"https:\/\/aga-design.com\/fr\/shop\/ghiacciaie-fr\/frosty-fr\/frosty-ghiacciaia-secchiello\/\",\"url\":\"https:\/\/aga-design.com\/fr\/shop\/ghiacciaie-fr\/frosty-fr\/frosty-ghiacciaia-secchiello\/\",\"name\":\"Frosty - Glaci\u00e8re seau - Aga Design\",\"isPartOf\":{\"@id\":\"https:\/\/aga-design.com\/fr\/#website\"},\"primaryImageOfPage\":{\"@id\":\"https:\/\/aga-design.com\/fr\/shop\/ghiacciaie-fr\/frosty-fr\/frosty-ghiacciaia-secchiello\/#primaryimage\"},\"image\":{\"@id\":\"https:\/\/aga-design.com\/fr\/shop\/ghiacciaie-fr\/frosty-fr\/frosty-ghiacciaia-secchiello\/#primaryimage\"},\"thumbnailUrl\":\"https:\/\/aga-design.com\/wp-content\/uploads\/2022\/11\/frosty_ghiacciaia-bianca_02.jpg\",\"datePublished\":\"2022-11-04T15:25:18+00:00\",\"dateModified\":\"2022-11-28T16:02:56+00:00\",\"breadcrumb\":{\"@id\":\"https:\/\/aga-design.com\/fr\/shop\/ghiacciaie-fr\/frosty-fr\/frosty-ghiacciaia-secchiello\/#breadcrumb\"},\"inLanguage\":\"fr-FR\",\"potentialAction\":[{\"@type\":\"ReadAction\",\"target\":[\"https:\/\/aga-design.com\/fr\/shop\/ghiacciaie-fr\/frosty-fr\/frosty-ghiacciaia-secchiello\/\"]}]},{\"@type\":\"ImageObject\",\"inLanguage\":\"fr-FR\",\"@id\":\"https:\/\/aga-design.com\/fr\/shop\/ghiacciaie-fr\/frosty-fr\/frosty-ghiacciaia-secchiello\/#primaryimage\",\"url\":\"https:\/\/aga-design.com\/wp-content\/uploads\/2022\/11\/frosty_ghiacciaia-bianca_02.jpg\",\"contentUrl\":\"https:\/\/aga-design.com\/wp-content\/uploads\/2022\/11\/frosty_ghiacciaia-bianca_02.jpg\",\"width\":900,\"height\":900},{\"@type\":\"BreadcrumbList\",\"@id\":\"https:\/\/aga-design.com\/fr\/shop\/ghiacciaie-fr\/frosty-fr\/frosty-ghiacciaia-secchiello\/#breadcrumb\",\"itemListElement\":[{\"@type\":\"ListItem\",\"position\":1,\"name\":\"Home\",\"item\":\"https:\/\/aga-design.com\/fr\/\"},{\"@type\":\"ListItem\",\"position\":2,\"name\":\"Shop\",\"item\":\"https:\/\/aga-design.com\/fr\/shop\/\"},{\"@type\":\"ListItem\",\"position\":3,\"name\":\"Frosty &#8211; Glaci\u00e8re seau\"}]},{\"@type\":\"WebSite\",\"@id\":\"https:\/\/aga-design.com\/fr\/#website\",\"url\":\"https:\/\/aga-design.com\/fr\/\",\"name\":\"Aga Design\",\"description\":\"Gadgets durables et biod\u00e9gradables\",\"potentialAction\":[{\"@type\":\"SearchAction\",\"target\":{\"@type\":\"EntryPoint\",\"urlTemplate\":\"https:\/\/aga-design.com\/fr\/?s={search_term_string}\"},\"query-input\":{\"@type\":\"PropertyValueSpecification\",\"valueRequired\":true,\"valueName\":\"search_term_string\"}}],\"inLanguage\":\"fr-FR\"}]}<\/script>\n<!-- \/ Yoast SEO plugin. -->","yoast_head_json":{"title":"Frosty - Glaci\u00e8re seau - Aga Design","robots":{"index":"index","follow":"follow","max-snippet":"max-snippet:-1","max-image-preview":"max-image-preview:large","max-video-preview":"max-video-preview:-1"},"canonical":"https:\/\/aga-design.com\/fr\/shop\/ghiacciaie-fr\/frosty-fr\/frosty-ghiacciaia-secchiello\/","og_locale":"fr_FR","og_type":"article","og_title":"Frosty - Glaci\u00e8re seau - Aga Design","og_description":"Seau \u00e0 champagne \u00e9l\u00e9gant avec de la place pour une bouteille. Le fond sp\u00e9cialement form\u00e9 assure le support du contenu en mati\u00e8re plastique antichoc. Personnalisable en tampographie avec votre logo jusqu'\u00e0 5 couleurs, sur une ou deux faces, jusqu'au format 100x100 mm","og_url":"https:\/\/aga-design.com\/fr\/shop\/ghiacciaie-fr\/frosty-fr\/frosty-ghiacciaia-secchiello\/","og_site_name":"Aga Design","article_modified_time":"2022-11-28T16:02:56+00:00","og_image":[{"width":900,"height":900,"url":"https:\/\/aga-design.com\/wp-content\/uploads\/2022\/11\/frosty_ghiacciaia-bianca_02.jpg","type":"image\/jpeg"}],"twitter_card":"summary_large_image","schema":{"@context":"https:\/\/schema.org","@graph":[{"@type":"WebPage","@id":"https:\/\/aga-design.com\/fr\/shop\/ghiacciaie-fr\/frosty-fr\/frosty-ghiacciaia-secchiello\/","url":"https:\/\/aga-design.com\/fr\/shop\/ghiacciaie-fr\/frosty-fr\/frosty-ghiacciaia-secchiello\/","name":"Frosty - Glaci\u00e8re seau - Aga Design","isPartOf":{"@id":"https:\/\/aga-design.com\/fr\/#website"},"primaryImageOfPage":{"@id":"https:\/\/aga-design.com\/fr\/shop\/ghiacciaie-fr\/frosty-fr\/frosty-ghiacciaia-secchiello\/#primaryimage"},"image":{"@id":"https:\/\/aga-design.com\/fr\/shop\/ghiacciaie-fr\/frosty-fr\/frosty-ghiacciaia-secchiello\/#primaryimage"},"thumbnailUrl":"https:\/\/aga-design.com\/wp-content\/uploads\/2022\/11\/frosty_ghiacciaia-bianca_02.jpg","datePublished":"2022-11-04T15:25:18+00:00","dateModified":"2022-11-28T16:02:56+00:00","breadcrumb":{"@id":"https:\/\/aga-design.com\/fr\/shop\/ghiacciaie-fr\/frosty-fr\/frosty-ghiacciaia-secchiello\/#breadcrumb"},"inLanguage":"fr-FR","potentialAction":[{"@type":"ReadAction","target":["https:\/\/aga-design.com\/fr\/shop\/ghiacciaie-fr\/frosty-fr\/frosty-ghiacciaia-secchiello\/"]}]},{"@type":"ImageObject","inLanguage":"fr-FR","@id":"https:\/\/aga-design.com\/fr\/shop\/ghiacciaie-fr\/frosty-fr\/frosty-ghiacciaia-secchiello\/#primaryimage","url":"https:\/\/aga-design.com\/wp-content\/uploads\/2022\/11\/frosty_ghiacciaia-bianca_02.jpg","contentUrl":"https:\/\/aga-design.com\/wp-content\/uploads\/2022\/11\/frosty_ghiacciaia-bianca_02.jpg","width":900,"height":900},{"@type":"BreadcrumbList","@id":"https:\/\/aga-design.com\/fr\/shop\/ghiacciaie-fr\/frosty-fr\/frosty-ghiacciaia-secchiello\/#breadcrumb","itemListElement":[{"@type":"ListItem","position":1,"name":"Home","item":"https:\/\/aga-design.com\/fr\/"},{"@type":"ListItem","position":2,"name":"Shop","item":"https:\/\/aga-design.com\/fr\/shop\/"},{"@type":"ListItem","position":3,"name":"Frosty &#8211; Glaci\u00e8re seau"}]},{"@type":"WebSite","@id":"https:\/\/aga-design.com\/fr\/#website","url":"https:\/\/aga-design.com\/fr\/","name":"Aga Design","description":"Gadgets durables et biod\u00e9gradables","potentialAction":[{"@type":"SearchAction","target":{"@type":"EntryPoint","urlTemplate":"https:\/\/aga-design.com\/fr\/?s={search_term_string}"},"query-input":{"@type":"PropertyValueSpecification","valueRequired":true,"valueName":"search_term_string"}}],"inLanguage":"fr-FR"}]}},"tiered_pricing_type":"fixed","tiered_pricing_fixed_rules":{"480":12.583,"576":12.311,"768":12.086,"1056":11.997,"1248":11.897,"1536":11.855,"1728":11.803,"2016":11.74,"2496":11.693},"tiered_pricing_product_settings":{"layout":"default","base_unit_name":{"singular":null,"plural":null},"default_variation":null},"tiered_pricing_minimum_quantity":null,"tiered_pricing_roles_data":[],"tiered_pricing_percentage_rules":[],"_links":{"self":[{"href":"https:\/\/aga-design.com\/fr\/wp-json\/wp\/v2\/product\/6208","targetHints":{"allow":["GET"]}}],"collection":[{"href":"https:\/\/aga-design.com\/fr\/wp-json\/wp\/v2\/product"}],"about":[{"href":"https:\/\/aga-design.com\/fr\/wp-json\/wp\/v2\/types\/product"}],"replies":[{"embeddable":true,"href":"https:\/\/aga-design.com\/fr\/wp-json\/wp\/v2\/comments?post=6208"}],"wp:featuredmedia":[{"embeddable":true,"href":"https:\/\/aga-design.com\/fr\/wp-json\/wp\/v2\/media\/5382"}],"wp:attachment":[{"href":"https:\/\/aga-design.com\/fr\/wp-json\/wp\/v2\/media?parent=6208"}],"wp:term":[{"taxonomy":"product_brand","embeddable":true,"href":"https:\/\/aga-design.com\/fr\/wp-json\/wp\/v2\/product_brand?post=6208"},{"taxonomy":"product_cat","embeddable":true,"href":"https:\/\/aga-design.com\/fr\/wp-json\/wp\/v2\/product_cat?post=6208"},{"taxonomy":"product_tag","embeddable":true,"href":"https:\/\/aga-design.com\/fr\/wp-json\/wp\/v2\/product_tag?post=6208"}],"curies":[{"name":"wp","href":"https:\/\/api.w.org\/{rel}","templated":true}]}}