{"id":6579,"date":"2022-11-21T15:22:37","date_gmt":"2022-11-21T14:22:37","guid":{"rendered":"https:\/\/aga-design.com\/?post_type=product&#038;p=6579"},"modified":"2022-11-21T17:42:28","modified_gmt":"2022-11-21T16:42:28","slug":"coffee-cup","status":"publish","type":"product","link":"https:\/\/aga-design.com\/de\/shop\/bicchieri-de\/coffee-cup\/","title":{"rendered":"COFFEE CUP"},"content":{"rendered":"","protected":false},"excerpt":{"rendered":"<p>Il nostro bicchierino da caff\u00e8 nasce dall&#8217;idea di aiutare il nostro pianeta, \u00e8 riutilizzabile e copre perfettamente il concetto di eco-circolarit\u00e0. AGA Coffee Cup \u00e8 il bicchierino riutilizzabile e progettato in PS trasparente con tappo in PP per uso alimentare, \u00e8 perfetto per coloro che amano la qualit\u00e0 ma non vogliono danneggiare la terra.<br \/>\nAGA Coffee Cup offre un&#8217;esperienza sicura, realizzato con un materiale che pu\u00f2 stare a contatto con fonti di calore dagli 0 a 90 gradi, \u00e8 adatto anche a lavastoviglie. Il tappo \u00e8 utile a<br \/>\nprevenire le fuoriuscite accidentali di caff\u00e8.<br \/>\nLa scatola AGA Coffee Cup, contiene 16 Bicchierini che possono essere personalizzabili con splendidi stickers.<\/p>\n","protected":false},"featured_media":6593,"comment_status":"open","ping_status":"closed","template":"","meta":{"_acf_changed":false},"product_brand":[],"product_cat":[336],"product_tag":[],"class_list":{"0":"post-6579","1":"product","2":"type-product","3":"status-publish","4":"has-post-thumbnail","6":"product_cat-bicchieri-de","8":"first","9":"instock","10":"shipping-taxable","11":"purchasable","12":"product-type-simple"},"acf":[],"yoast_head":"<!-- This site is optimized with the Yoast SEO plugin v26.6 - https:\/\/yoast.com\/wordpress\/plugins\/seo\/ -->\n<title>COFFEE CUP - Aga Design<\/title>\n<meta name=\"robots\" content=\"index, follow, max-snippet:-1, max-image-preview:large, max-video-preview:-1\" \/>\n<link rel=\"canonical\" href=\"https:\/\/aga-design.com\/de\/shop\/bicchieri-de\/coffee-cup\/\" \/>\n<meta property=\"og:locale\" content=\"de_DE\" \/>\n<meta property=\"og:type\" content=\"article\" \/>\n<meta property=\"og:title\" content=\"COFFEE CUP - Aga Design\" \/>\n<meta property=\"og:description\" content=\"Il nostro bicchierino da caff\u00e8 nasce dall&#039;idea di aiutare il nostro pianeta, \u00e8 riutilizzabile e copre perfettamente il concetto di eco-circolarit\u00e0. AGA Coffee Cup \u00e8 il bicchierino riutilizzabile e progettato in PS trasparente con tappo in PP per uso alimentare, \u00e8 perfetto per coloro che amano la qualit\u00e0 ma non vogliono danneggiare la terra. AGA Coffee Cup offre un&#039;esperienza sicura, realizzato con un materiale che pu\u00f2 stare a contatto con fonti di calore dagli 0 a 90 gradi, \u00e8 adatto anche a lavastoviglie. Il tappo \u00e8 utile a prevenire le fuoriuscite accidentali di caff\u00e8. La scatola AGA Coffee Cup, contiene 16 Bicchierini che possono essere personalizzabili con splendidi stickers.\" \/>\n<meta property=\"og:url\" content=\"https:\/\/aga-design.com\/de\/shop\/bicchieri-de\/coffee-cup\/\" \/>\n<meta property=\"og:site_name\" content=\"Aga Design\" \/>\n<meta property=\"article:modified_time\" content=\"2022-11-21T16:42:28+00:00\" \/>\n<meta property=\"og:image\" content=\"https:\/\/aga-design.com\/wp-content\/uploads\/2022\/11\/MAT6078_bicchierino-con-caffe.jpg\" \/>\n\t<meta property=\"og:image:width\" content=\"900\" \/>\n\t<meta property=\"og:image:height\" content=\"900\" \/>\n\t<meta property=\"og:image:type\" content=\"image\/jpeg\" \/>\n<meta name=\"twitter:card\" content=\"summary_large_image\" \/>\n<script type=\"application\/ld+json\" class=\"yoast-schema-graph\">{\"@context\":\"https:\/\/schema.org\",\"@graph\":[{\"@type\":\"WebPage\",\"@id\":\"https:\/\/aga-design.com\/de\/shop\/bicchieri-de\/coffee-cup\/\",\"url\":\"https:\/\/aga-design.com\/de\/shop\/bicchieri-de\/coffee-cup\/\",\"name\":\"COFFEE CUP - Aga Design\",\"isPartOf\":{\"@id\":\"https:\/\/aga-design.com\/de\/#website\"},\"primaryImageOfPage\":{\"@id\":\"https:\/\/aga-design.com\/de\/shop\/bicchieri-de\/coffee-cup\/#primaryimage\"},\"image\":{\"@id\":\"https:\/\/aga-design.com\/de\/shop\/bicchieri-de\/coffee-cup\/#primaryimage\"},\"thumbnailUrl\":\"https:\/\/aga-design.com\/wp-content\/uploads\/2022\/11\/MAT6078_bicchierino-con-caffe.jpg\",\"datePublished\":\"2022-11-21T14:22:37+00:00\",\"dateModified\":\"2022-11-21T16:42:28+00:00\",\"breadcrumb\":{\"@id\":\"https:\/\/aga-design.com\/de\/shop\/bicchieri-de\/coffee-cup\/#breadcrumb\"},\"inLanguage\":\"de\",\"potentialAction\":[{\"@type\":\"ReadAction\",\"target\":[\"https:\/\/aga-design.com\/de\/shop\/bicchieri-de\/coffee-cup\/\"]}]},{\"@type\":\"ImageObject\",\"inLanguage\":\"de\",\"@id\":\"https:\/\/aga-design.com\/de\/shop\/bicchieri-de\/coffee-cup\/#primaryimage\",\"url\":\"https:\/\/aga-design.com\/wp-content\/uploads\/2022\/11\/MAT6078_bicchierino-con-caffe.jpg\",\"contentUrl\":\"https:\/\/aga-design.com\/wp-content\/uploads\/2022\/11\/MAT6078_bicchierino-con-caffe.jpg\",\"width\":900,\"height\":900},{\"@type\":\"BreadcrumbList\",\"@id\":\"https:\/\/aga-design.com\/de\/shop\/bicchieri-de\/coffee-cup\/#breadcrumb\",\"itemListElement\":[{\"@type\":\"ListItem\",\"position\":1,\"name\":\"Home\",\"item\":\"https:\/\/aga-design.com\/de\/\"},{\"@type\":\"ListItem\",\"position\":2,\"name\":\"Shop\",\"item\":\"https:\/\/aga-design.com\/de\/shop\/\"},{\"@type\":\"ListItem\",\"position\":3,\"name\":\"COFFEE CUP\"}]},{\"@type\":\"WebSite\",\"@id\":\"https:\/\/aga-design.com\/de\/#website\",\"url\":\"https:\/\/aga-design.com\/de\/\",\"name\":\"Aga Design\",\"description\":\"Nachhaltige und biologisch abbaubare Gadgets\",\"potentialAction\":[{\"@type\":\"SearchAction\",\"target\":{\"@type\":\"EntryPoint\",\"urlTemplate\":\"https:\/\/aga-design.com\/de\/?s={search_term_string}\"},\"query-input\":{\"@type\":\"PropertyValueSpecification\",\"valueRequired\":true,\"valueName\":\"search_term_string\"}}],\"inLanguage\":\"de\"}]}<\/script>\n<!-- \/ Yoast SEO plugin. -->","yoast_head_json":{"title":"COFFEE CUP - Aga Design","robots":{"index":"index","follow":"follow","max-snippet":"max-snippet:-1","max-image-preview":"max-image-preview:large","max-video-preview":"max-video-preview:-1"},"canonical":"https:\/\/aga-design.com\/de\/shop\/bicchieri-de\/coffee-cup\/","og_locale":"de_DE","og_type":"article","og_title":"COFFEE CUP - Aga Design","og_description":"Il nostro bicchierino da caff\u00e8 nasce dall'idea di aiutare il nostro pianeta, \u00e8 riutilizzabile e copre perfettamente il concetto di eco-circolarit\u00e0. AGA Coffee Cup \u00e8 il bicchierino riutilizzabile e progettato in PS trasparente con tappo in PP per uso alimentare, \u00e8 perfetto per coloro che amano la qualit\u00e0 ma non vogliono danneggiare la terra. AGA Coffee Cup offre un'esperienza sicura, realizzato con un materiale che pu\u00f2 stare a contatto con fonti di calore dagli 0 a 90 gradi, \u00e8 adatto anche a lavastoviglie. Il tappo \u00e8 utile a prevenire le fuoriuscite accidentali di caff\u00e8. La scatola AGA Coffee Cup, contiene 16 Bicchierini che possono essere personalizzabili con splendidi stickers.","og_url":"https:\/\/aga-design.com\/de\/shop\/bicchieri-de\/coffee-cup\/","og_site_name":"Aga Design","article_modified_time":"2022-11-21T16:42:28+00:00","og_image":[{"width":900,"height":900,"url":"https:\/\/aga-design.com\/wp-content\/uploads\/2022\/11\/MAT6078_bicchierino-con-caffe.jpg","type":"image\/jpeg"}],"twitter_card":"summary_large_image","schema":{"@context":"https:\/\/schema.org","@graph":[{"@type":"WebPage","@id":"https:\/\/aga-design.com\/de\/shop\/bicchieri-de\/coffee-cup\/","url":"https:\/\/aga-design.com\/de\/shop\/bicchieri-de\/coffee-cup\/","name":"COFFEE CUP - Aga Design","isPartOf":{"@id":"https:\/\/aga-design.com\/de\/#website"},"primaryImageOfPage":{"@id":"https:\/\/aga-design.com\/de\/shop\/bicchieri-de\/coffee-cup\/#primaryimage"},"image":{"@id":"https:\/\/aga-design.com\/de\/shop\/bicchieri-de\/coffee-cup\/#primaryimage"},"thumbnailUrl":"https:\/\/aga-design.com\/wp-content\/uploads\/2022\/11\/MAT6078_bicchierino-con-caffe.jpg","datePublished":"2022-11-21T14:22:37+00:00","dateModified":"2022-11-21T16:42:28+00:00","breadcrumb":{"@id":"https:\/\/aga-design.com\/de\/shop\/bicchieri-de\/coffee-cup\/#breadcrumb"},"inLanguage":"de","potentialAction":[{"@type":"ReadAction","target":["https:\/\/aga-design.com\/de\/shop\/bicchieri-de\/coffee-cup\/"]}]},{"@type":"ImageObject","inLanguage":"de","@id":"https:\/\/aga-design.com\/de\/shop\/bicchieri-de\/coffee-cup\/#primaryimage","url":"https:\/\/aga-design.com\/wp-content\/uploads\/2022\/11\/MAT6078_bicchierino-con-caffe.jpg","contentUrl":"https:\/\/aga-design.com\/wp-content\/uploads\/2022\/11\/MAT6078_bicchierino-con-caffe.jpg","width":900,"height":900},{"@type":"BreadcrumbList","@id":"https:\/\/aga-design.com\/de\/shop\/bicchieri-de\/coffee-cup\/#breadcrumb","itemListElement":[{"@type":"ListItem","position":1,"name":"Home","item":"https:\/\/aga-design.com\/de\/"},{"@type":"ListItem","position":2,"name":"Shop","item":"https:\/\/aga-design.com\/de\/shop\/"},{"@type":"ListItem","position":3,"name":"COFFEE CUP"}]},{"@type":"WebSite","@id":"https:\/\/aga-design.com\/de\/#website","url":"https:\/\/aga-design.com\/de\/","name":"Aga Design","description":"Nachhaltige und biologisch abbaubare Gadgets","potentialAction":[{"@type":"SearchAction","target":{"@type":"EntryPoint","urlTemplate":"https:\/\/aga-design.com\/de\/?s={search_term_string}"},"query-input":{"@type":"PropertyValueSpecification","valueRequired":true,"valueName":"search_term_string"}}],"inLanguage":"de"}]}},"tiered_pricing_type":"fixed","tiered_pricing_fixed_rules":{"250":1.854,"500":1.39,"1000":1.274,"2500":1.159,"5000":1.043,"10000":0.927,"25000":0.857,"50000":0.765,"100000":0.718,"150000":0.695},"tiered_pricing_product_settings":{"layout":"default","base_unit_name":{"singular":null,"plural":null},"default_variation":null},"tiered_pricing_minimum_quantity":null,"tiered_pricing_roles_data":[],"tiered_pricing_percentage_rules":[],"_links":{"self":[{"href":"https:\/\/aga-design.com\/de\/wp-json\/wp\/v2\/product\/6579","targetHints":{"allow":["GET"]}}],"collection":[{"href":"https:\/\/aga-design.com\/de\/wp-json\/wp\/v2\/product"}],"about":[{"href":"https:\/\/aga-design.com\/de\/wp-json\/wp\/v2\/types\/product"}],"replies":[{"embeddable":true,"href":"https:\/\/aga-design.com\/de\/wp-json\/wp\/v2\/comments?post=6579"}],"wp:featuredmedia":[{"embeddable":true,"href":"https:\/\/aga-design.com\/de\/wp-json\/wp\/v2\/media\/6593"}],"wp:attachment":[{"href":"https:\/\/aga-design.com\/de\/wp-json\/wp\/v2\/media?parent=6579"}],"wp:term":[{"taxonomy":"product_brand","embeddable":true,"href":"https:\/\/aga-design.com\/de\/wp-json\/wp\/v2\/product_brand?post=6579"},{"taxonomy":"product_cat","embeddable":true,"href":"https:\/\/aga-design.com\/de\/wp-json\/wp\/v2\/product_cat?post=6579"},{"taxonomy":"product_tag","embeddable":true,"href":"https:\/\/aga-design.com\/de\/wp-json\/wp\/v2\/product_tag?post=6579"}],"curies":[{"name":"wp","href":"https:\/\/api.w.org\/{rel}","templated":true}]}}