{"id":6201,"date":"2022-11-10T10:44:48","date_gmt":"2022-11-10T09:44:48","guid":{"rendered":"https:\/\/aga-design.com\/shop\/unkategorisiert\/frosty-ghiacciaia-secchiello-4-bottiglie\/"},"modified":"2022-11-28T17:05:43","modified_gmt":"2022-11-28T16:05:43","slug":"frosty-ghiacciaia-secchiello-4-bottiglie","status":"publish","type":"product","link":"https:\/\/aga-design.com\/de\/shop\/ghiacciaie-de\/frosty-de\/frosty-ghiacciaia-secchiello-4-bottiglie\/","title":{"rendered":"Frosty &#8211; Eisk\u00fcbel 4 Flaschen"},"content":{"rendered":"","protected":false},"excerpt":{"rendered":"<p>Eleganter Sekteimer mit Platz f\u00fcr eine Flasche. Der speziell geformte Boden sorgt f\u00fcr die Unterst\u00fctzung des Inhalts aus sto\u00dffestem Kunststoff. Personalisierbar im Tampondruck mit eigenem Logo bis zu 5 Farben, auf einer oder zwei Seiten, bis zu einem Format von 150&#215;150 mm<\/p>\n","protected":false},"featured_media":6155,"comment_status":"open","ping_status":"closed","template":"","meta":{"_acf_changed":false},"product_brand":[],"product_cat":[276,277],"product_tag":[],"class_list":{"0":"post-6201","1":"product","2":"type-product","3":"status-publish","4":"has-post-thumbnail","6":"product_cat-frosty-de","7":"product_cat-ghiacciaie-de","8":"pa_materiali-ps","9":"pa_materiali-smma","11":"first","12":"instock","13":"shipping-taxable","14":"purchasable","15":"product-type-variable"},"acf":[],"yoast_head":"<!-- This site is optimized with the Yoast SEO plugin v26.6 - https:\/\/yoast.com\/wordpress\/plugins\/seo\/ -->\n<title>Frosty - Eisk\u00fcbel 4 Flaschen - Aga Design<\/title>\n<meta name=\"robots\" content=\"index, follow, max-snippet:-1, max-image-preview:large, max-video-preview:-1\" \/>\n<link rel=\"canonical\" href=\"https:\/\/aga-design.com\/de\/shop\/ghiacciaie-de\/frosty-de\/frosty-ghiacciaia-secchiello-4-bottiglie\/\" \/>\n<meta property=\"og:locale\" content=\"de_DE\" \/>\n<meta property=\"og:type\" content=\"article\" \/>\n<meta property=\"og:title\" content=\"Frosty - Eisk\u00fcbel 4 Flaschen - Aga Design\" \/>\n<meta property=\"og:description\" content=\"Eleganter Sekteimer mit Platz f\u00fcr eine Flasche. Der speziell geformte Boden sorgt f\u00fcr die Unterst\u00fctzung des Inhalts aus sto\u00dffestem Kunststoff. Personalisierbar im Tampondruck mit eigenem Logo bis zu 5 Farben, auf einer oder zwei Seiten, bis zu einem Format von 150x150 mm\" \/>\n<meta property=\"og:url\" content=\"https:\/\/aga-design.com\/de\/shop\/ghiacciaie-de\/frosty-de\/frosty-ghiacciaia-secchiello-4-bottiglie\/\" \/>\n<meta property=\"og:site_name\" content=\"Aga Design\" \/>\n<meta property=\"article:modified_time\" content=\"2022-11-28T16:05:43+00:00\" \/>\n<meta property=\"og:image\" content=\"https:\/\/aga-design.com\/wp-content\/uploads\/2022\/11\/frosty_ghiacciaia-4-bottles.jpg\" \/>\n\t<meta property=\"og:image:width\" content=\"900\" \/>\n\t<meta property=\"og:image:height\" content=\"900\" \/>\n\t<meta property=\"og:image:type\" content=\"image\/jpeg\" \/>\n<meta name=\"twitter:card\" content=\"summary_large_image\" \/>\n<script type=\"application\/ld+json\" class=\"yoast-schema-graph\">{\"@context\":\"https:\/\/schema.org\",\"@graph\":[{\"@type\":\"WebPage\",\"@id\":\"https:\/\/aga-design.com\/de\/shop\/ghiacciaie-de\/frosty-de\/frosty-ghiacciaia-secchiello-4-bottiglie\/\",\"url\":\"https:\/\/aga-design.com\/de\/shop\/ghiacciaie-de\/frosty-de\/frosty-ghiacciaia-secchiello-4-bottiglie\/\",\"name\":\"Frosty - Eisk\u00fcbel 4 Flaschen - Aga Design\",\"isPartOf\":{\"@id\":\"https:\/\/aga-design.com\/de\/#website\"},\"primaryImageOfPage\":{\"@id\":\"https:\/\/aga-design.com\/de\/shop\/ghiacciaie-de\/frosty-de\/frosty-ghiacciaia-secchiello-4-bottiglie\/#primaryimage\"},\"image\":{\"@id\":\"https:\/\/aga-design.com\/de\/shop\/ghiacciaie-de\/frosty-de\/frosty-ghiacciaia-secchiello-4-bottiglie\/#primaryimage\"},\"thumbnailUrl\":\"https:\/\/aga-design.com\/wp-content\/uploads\/2022\/11\/frosty_ghiacciaia-4-bottles.jpg\",\"datePublished\":\"2022-11-10T09:44:48+00:00\",\"dateModified\":\"2022-11-28T16:05:43+00:00\",\"breadcrumb\":{\"@id\":\"https:\/\/aga-design.com\/de\/shop\/ghiacciaie-de\/frosty-de\/frosty-ghiacciaia-secchiello-4-bottiglie\/#breadcrumb\"},\"inLanguage\":\"de\",\"potentialAction\":[{\"@type\":\"ReadAction\",\"target\":[\"https:\/\/aga-design.com\/de\/shop\/ghiacciaie-de\/frosty-de\/frosty-ghiacciaia-secchiello-4-bottiglie\/\"]}]},{\"@type\":\"ImageObject\",\"inLanguage\":\"de\",\"@id\":\"https:\/\/aga-design.com\/de\/shop\/ghiacciaie-de\/frosty-de\/frosty-ghiacciaia-secchiello-4-bottiglie\/#primaryimage\",\"url\":\"https:\/\/aga-design.com\/wp-content\/uploads\/2022\/11\/frosty_ghiacciaia-4-bottles.jpg\",\"contentUrl\":\"https:\/\/aga-design.com\/wp-content\/uploads\/2022\/11\/frosty_ghiacciaia-4-bottles.jpg\",\"width\":900,\"height\":900},{\"@type\":\"BreadcrumbList\",\"@id\":\"https:\/\/aga-design.com\/de\/shop\/ghiacciaie-de\/frosty-de\/frosty-ghiacciaia-secchiello-4-bottiglie\/#breadcrumb\",\"itemListElement\":[{\"@type\":\"ListItem\",\"position\":1,\"name\":\"Home\",\"item\":\"https:\/\/aga-design.com\/de\/\"},{\"@type\":\"ListItem\",\"position\":2,\"name\":\"Shop\",\"item\":\"https:\/\/aga-design.com\/de\/shop\/\"},{\"@type\":\"ListItem\",\"position\":3,\"name\":\"Frosty &#8211; Eisk\u00fcbel 4 Flaschen\"}]},{\"@type\":\"WebSite\",\"@id\":\"https:\/\/aga-design.com\/de\/#website\",\"url\":\"https:\/\/aga-design.com\/de\/\",\"name\":\"Aga Design\",\"description\":\"Nachhaltige und biologisch abbaubare Gadgets\",\"potentialAction\":[{\"@type\":\"SearchAction\",\"target\":{\"@type\":\"EntryPoint\",\"urlTemplate\":\"https:\/\/aga-design.com\/de\/?s={search_term_string}\"},\"query-input\":{\"@type\":\"PropertyValueSpecification\",\"valueRequired\":true,\"valueName\":\"search_term_string\"}}],\"inLanguage\":\"de\"}]}<\/script>\n<!-- \/ Yoast SEO plugin. -->","yoast_head_json":{"title":"Frosty - Eisk\u00fcbel 4 Flaschen - Aga Design","robots":{"index":"index","follow":"follow","max-snippet":"max-snippet:-1","max-image-preview":"max-image-preview:large","max-video-preview":"max-video-preview:-1"},"canonical":"https:\/\/aga-design.com\/de\/shop\/ghiacciaie-de\/frosty-de\/frosty-ghiacciaia-secchiello-4-bottiglie\/","og_locale":"de_DE","og_type":"article","og_title":"Frosty - Eisk\u00fcbel 4 Flaschen - Aga Design","og_description":"Eleganter Sekteimer mit Platz f\u00fcr eine Flasche. Der speziell geformte Boden sorgt f\u00fcr die Unterst\u00fctzung des Inhalts aus sto\u00dffestem Kunststoff. Personalisierbar im Tampondruck mit eigenem Logo bis zu 5 Farben, auf einer oder zwei Seiten, bis zu einem Format von 150x150 mm","og_url":"https:\/\/aga-design.com\/de\/shop\/ghiacciaie-de\/frosty-de\/frosty-ghiacciaia-secchiello-4-bottiglie\/","og_site_name":"Aga Design","article_modified_time":"2022-11-28T16:05:43+00:00","og_image":[{"width":900,"height":900,"url":"https:\/\/aga-design.com\/wp-content\/uploads\/2022\/11\/frosty_ghiacciaia-4-bottles.jpg","type":"image\/jpeg"}],"twitter_card":"summary_large_image","schema":{"@context":"https:\/\/schema.org","@graph":[{"@type":"WebPage","@id":"https:\/\/aga-design.com\/de\/shop\/ghiacciaie-de\/frosty-de\/frosty-ghiacciaia-secchiello-4-bottiglie\/","url":"https:\/\/aga-design.com\/de\/shop\/ghiacciaie-de\/frosty-de\/frosty-ghiacciaia-secchiello-4-bottiglie\/","name":"Frosty - Eisk\u00fcbel 4 Flaschen - Aga Design","isPartOf":{"@id":"https:\/\/aga-design.com\/de\/#website"},"primaryImageOfPage":{"@id":"https:\/\/aga-design.com\/de\/shop\/ghiacciaie-de\/frosty-de\/frosty-ghiacciaia-secchiello-4-bottiglie\/#primaryimage"},"image":{"@id":"https:\/\/aga-design.com\/de\/shop\/ghiacciaie-de\/frosty-de\/frosty-ghiacciaia-secchiello-4-bottiglie\/#primaryimage"},"thumbnailUrl":"https:\/\/aga-design.com\/wp-content\/uploads\/2022\/11\/frosty_ghiacciaia-4-bottles.jpg","datePublished":"2022-11-10T09:44:48+00:00","dateModified":"2022-11-28T16:05:43+00:00","breadcrumb":{"@id":"https:\/\/aga-design.com\/de\/shop\/ghiacciaie-de\/frosty-de\/frosty-ghiacciaia-secchiello-4-bottiglie\/#breadcrumb"},"inLanguage":"de","potentialAction":[{"@type":"ReadAction","target":["https:\/\/aga-design.com\/de\/shop\/ghiacciaie-de\/frosty-de\/frosty-ghiacciaia-secchiello-4-bottiglie\/"]}]},{"@type":"ImageObject","inLanguage":"de","@id":"https:\/\/aga-design.com\/de\/shop\/ghiacciaie-de\/frosty-de\/frosty-ghiacciaia-secchiello-4-bottiglie\/#primaryimage","url":"https:\/\/aga-design.com\/wp-content\/uploads\/2022\/11\/frosty_ghiacciaia-4-bottles.jpg","contentUrl":"https:\/\/aga-design.com\/wp-content\/uploads\/2022\/11\/frosty_ghiacciaia-4-bottles.jpg","width":900,"height":900},{"@type":"BreadcrumbList","@id":"https:\/\/aga-design.com\/de\/shop\/ghiacciaie-de\/frosty-de\/frosty-ghiacciaia-secchiello-4-bottiglie\/#breadcrumb","itemListElement":[{"@type":"ListItem","position":1,"name":"Home","item":"https:\/\/aga-design.com\/de\/"},{"@type":"ListItem","position":2,"name":"Shop","item":"https:\/\/aga-design.com\/de\/shop\/"},{"@type":"ListItem","position":3,"name":"Frosty &#8211; Eisk\u00fcbel 4 Flaschen"}]},{"@type":"WebSite","@id":"https:\/\/aga-design.com\/de\/#website","url":"https:\/\/aga-design.com\/de\/","name":"Aga Design","description":"Nachhaltige und biologisch abbaubare Gadgets","potentialAction":[{"@type":"SearchAction","target":{"@type":"EntryPoint","urlTemplate":"https:\/\/aga-design.com\/de\/?s={search_term_string}"},"query-input":{"@type":"PropertyValueSpecification","valueRequired":true,"valueName":"search_term_string"}}],"inLanguage":"de"}]}},"tiered_pricing_type":"fixed","tiered_pricing_fixed_rules":{"48":26.941,"96":23.276,"192":22.155,"288":21.443,"384":21.077,"480":20.883,"576":20.563,"768":20.302,"1056":20.197,"1248":20.087,"1536":20.029,"1728":19.972,"2016":19.904,"2496":19.846},"tiered_pricing_product_settings":{"layout":"default","base_unit_name":{"singular":null,"plural":null},"default_variation":null},"tiered_pricing_minimum_quantity":null,"tiered_pricing_roles_data":[],"tiered_pricing_percentage_rules":[],"_links":{"self":[{"href":"https:\/\/aga-design.com\/de\/wp-json\/wp\/v2\/product\/6201","targetHints":{"allow":["GET"]}}],"collection":[{"href":"https:\/\/aga-design.com\/de\/wp-json\/wp\/v2\/product"}],"about":[{"href":"https:\/\/aga-design.com\/de\/wp-json\/wp\/v2\/types\/product"}],"replies":[{"embeddable":true,"href":"https:\/\/aga-design.com\/de\/wp-json\/wp\/v2\/comments?post=6201"}],"wp:featuredmedia":[{"embeddable":true,"href":"https:\/\/aga-design.com\/de\/wp-json\/wp\/v2\/media\/6155"}],"wp:attachment":[{"href":"https:\/\/aga-design.com\/de\/wp-json\/wp\/v2\/media?parent=6201"}],"wp:term":[{"taxonomy":"product_brand","embeddable":true,"href":"https:\/\/aga-design.com\/de\/wp-json\/wp\/v2\/product_brand?post=6201"},{"taxonomy":"product_cat","embeddable":true,"href":"https:\/\/aga-design.com\/de\/wp-json\/wp\/v2\/product_cat?post=6201"},{"taxonomy":"product_tag","embeddable":true,"href":"https:\/\/aga-design.com\/de\/wp-json\/wp\/v2\/product_tag?post=6201"}],"curies":[{"name":"wp","href":"https:\/\/api.w.org\/{rel}","templated":true}]}}